{"id":2290,"date":"2022-05-30T17:42:02","date_gmt":"2022-05-30T15:42:02","guid":{"rendered":"https:\/\/vivim.es\/politica-de-cookies-ue\/"},"modified":"2023-11-17T13:11:31","modified_gmt":"2023-11-17T11:11:31","slug":"politica-de-cookies-ue","status":"publish","type":"page","link":"https:\/\/vivim.es\/ca\/politica-de-cookies-ue\/","title":{"rendered":"Pol\u00edtica de cookies (UE)"},"content":{"rendered":"<p>En aquesta web s&#8217;utilitzen cookies de tercers i pr\u00f2pies per a aconseguir que tinguis una millor experi\u00e8ncia de navegaci\u00f3, puguis compartir contingut en xarxes socials i perqu\u00e8 puguem obtenir estad\u00edstiques dels usuaris.<\/p>\n<p>Pots evitar la desc\u00e0rrega de cookies a trav\u00e9s de la configuraci\u00f3 del teu navegador, evitant que les cookies s&#8217;emmagatzemin en el seu dispositiu.<\/p>\n<p>Com a propietari d&#8217;aquest lloc web, et comunico que no utilitzem cap informaci\u00f3 personal procedent de cookies, tan sols realitzem estad\u00edstiques generals de visites que no suposen cap informaci\u00f3 personal.<\/p>\n<p>\u00c9s molt important que llegeixis la present pol\u00edtica de cookies i comprenguis que, \u00fanicament s&#8217;emmagatzemaran en el teu dispositiu les cookies necess\u00e0ries per a la navegaci\u00f3. La resta de cookies s&#8217;instal\u00b7laran sempre que el consentis expressament.<\/p>\n<p>Segons els termes inclosos en l&#8217;article 22.2 de la Llei 34\/2002 de Serveis de la Societat de la Informaci\u00f3 i Comer\u00e7 Electr\u00f2nic, si continues navegant, estar\u00e0s prestant el teu consentiment per a l&#8217;\u00fas dels referits mecanismes.<\/p>\n<p><strong><u>Entitat Responsable<\/u><\/strong><\/p>\n<p>L&#8217;entitat responsable de la recollida, processament i utilitzaci\u00f3 de les teves dades personals, en el sentit establert per la Llei de Protecci\u00f3 de Dades personals, \u00e9s la p\u00e0gina www.vivim.es, propietat de VIVIM, SLU, i adre\u00e7a en RECINTE INDUSTRIAL DE LA COL\u00d2NIA G\u00dcELL EDIFICI FILATURES 3r 2a, SANTA COLOMA DE CERVELL\u00d3, 08690, Barcelona.<\/p>\n<p><strong><u>Qu\u00e8 s\u00f3n les cookies?<\/u><\/strong><\/p>\n<p>Les cookies s\u00f3n un conjunt de dades que un servidor diposita en el navegador de l&#8217;usuari per a recollir la informaci\u00f3 de registre est\u00e0ndard d&#8217;Internet i la informaci\u00f3 del comportament dels visitants en un lloc web. \u00c9s a dir, es tracta de petits arxius de text que queden emmagatzemats en el disc dur de l&#8217;ordinador i que serveixen per a identificar a l&#8217;usuari quan es connecta novament al lloc web. El seu objectiu \u00e9s registrar la visita de l&#8217;usuari i guardar una certa informaci\u00f3. El seu \u00fas \u00e9s com\u00fa i freq\u00fcent en la web ja que permet a les p\u00e0gines funcionar de manera m\u00e9s eficient i aconseguir una major personalitzaci\u00f3 i an\u00e0lisi sobre el comportament de l&#8217;usuari.<\/p>\n<p><strong><u>Quins tipus de cookies existeixen?<\/u><\/strong><\/p>\n<p>Les cookies utilitzades en el nostre lloc web, s\u00f3n de sessi\u00f3 i de tercers, i ens permeten emmagatzemar i accedir a informaci\u00f3 relativa a l&#8217;idioma, el tipus de navegador utilitzat, i altres caracter\u00edstiques generals predefinides per l&#8217;usuari, aix\u00ed com, seguir i analitzar l&#8217;activitat que duu a terme, a fi d&#8217;introduir millores i prestar els nostres serveis d&#8217;una manera m\u00e9s eficient i personalitzada.<\/p>\n<p>Les cookies, en funci\u00f3 de la seva perman\u00e8ncia, poden dividir-se en cookies de sessi\u00f3 o permanents. Les que expiren quan l&#8217;usuari tanca el navegador. Les que expiren en funci\u00f3 de quan es compleixi l&#8217;objectiu per al qual serveixen (per exemple, perqu\u00e8 l&#8217;usuari es mantingui identificat en els serveis de VIVIM, SLU o b\u00e9 quan s&#8217;esborren manualment.<\/p>\n<p>Addicionalment, en funci\u00f3 del seu objectiu, les cookies poden classificar-se de la seg\u00fcent forma:<\/p>\n<table width=\"100%\">\n<tbody>\n<tr>\n<td width=\"123\"><strong>Nom<\/strong><\/td>\n<td width=\"123\"><strong>Tipus<\/strong><\/td>\n<td width=\"123\"><strong>Caducitat<\/strong><\/td>\n<td width=\"123\"><strong>Finalitat<\/strong><\/td>\n<td width=\"123\"><strong>Classe<\/strong><\/td>\n<\/tr>\n<tr>\n<td width=\"123\"><strong>wordpress_<\/strong><\/td>\n<td width=\"123\">Recordatori de Sessi\u00f3<\/td>\n<td width=\"123\">Sessi\u00f3<\/td>\n<td width=\"123\">Recordatori de Sessi\u00f3<\/td>\n<td width=\"123\"><\/td>\n<\/tr>\n<tr>\n<td width=\"123\"><strong>wordpress_*logged_*in_<\/strong><\/td>\n<td width=\"123\">Recordatori de Sessi\u00f3<\/td>\n<td width=\"123\">Sessi\u00f3<\/td>\n<td width=\"123\">Recordatori de Sessi\u00f3<\/td>\n<td width=\"123\"><\/td>\n<\/tr>\n<tr>\n<td width=\"123\"><strong>wordpress_test_<\/strong><\/td>\n<td width=\"123\">Recordatori de Sessi\u00f3<\/td>\n<td width=\"123\">Sessi\u00f3<\/td>\n<td width=\"123\">Recordatori de Sessi\u00f3<\/td>\n<td width=\"123\"><\/td>\n<\/tr>\n<tr>\n<td width=\"123\"><strong>wordpress_test_*cookie<\/strong><\/td>\n<td width=\"123\">WordPress Test Cookies<\/td>\n<td width=\"123\">Sessi\u00f3<\/td>\n<td width=\"123\">Recordatori de Sessi\u00f3<\/td>\n<td width=\"123\"><\/td>\n<\/tr>\n<tr>\n<td width=\"123\"><strong>wp-*settings-[*UID]<\/strong><\/td>\n<td width=\"123\">S\u2019utilitza per personalitzar la interf\u00edcie d\u2019usuari.<\/td>\n<td width=\"123\">1 any<\/td>\n<td width=\"123\">S\u2019utilitza per personalitzar la interf\u00edcie d\u2019usuari.<\/td>\n<td width=\"123\"><\/td>\n<\/tr>\n<tr>\n<td width=\"123\"><strong>wp-*settings-estafi-[*UID]<\/strong><\/td>\n<td width=\"123\">Emmagatzema l\u2019aspecte de la interf\u00edcie d\u2019administraci\u00f3 i del lloc principal.<\/td>\n<td width=\"123\">1 any<\/td>\n<td width=\"123\">Emmagatzema l\u2019aspecte de la interf\u00edcie d\u2019administraci\u00f3 i del lloc principal.<\/td>\n<td width=\"123\"><\/td>\n<\/tr>\n<\/tbody>\n<\/table>\n<p><strong>Cookies de rendiment<\/strong><\/p>\n<p>Aquest tipus de Cookie recorda les seves prefer\u00e8ncies per a les eines que es troben en els serveis, per la qual cosa no ha de tornar a configurar el servei cada vegada que vost\u00e8 visita. A tall d&#8217;exemple, en aquesta tipologia s&#8217;inclouen: Ajustos de volum de reproductors de v\u00eddeo o so. Les velocitats de transmissi\u00f3 de v\u00eddeo que siguin compatibles amb el seu navegador. Els objectes guardats en el \u201ccarret de la compra\u201d en els serveis de comer\u00e7 electr\u00f2nic com ara botigues.<\/p>\n<p><strong>Cookies de geo-localitzaci\u00f3<\/strong><\/p>\n<p>Aquestes cookies s\u00f3n utilitzades per a esbrinar en quin pa\u00eds es troba quan se sol\u00b7licita un servei. Aquesta cookie \u00e9s totalment an\u00f2nima, i nom\u00e9s s&#8217;utilitza per a ajudar a orientar el contingut a la seva ubicaci\u00f3.<\/p>\n<p><strong>Cookies de registre<\/strong><\/p>\n<p>Les cookies de registre es generen una vegada que l&#8217;usuari s&#8217;ha registrat o posteriorment ha obert la seva sessi\u00f3, i s&#8217;utilitzen per a identificar-li en els serveis amb els seg\u00fcents objectius:<\/p>\n<ul>\n<li>Mantenir a l&#8217;usuari identificat de manera que, si tanca un servei, el navegador o l&#8217;ordinador i en un altre moment o un altre dia torna a entrar en aquest servei, seguir\u00e0 identificat, facilitant aix\u00ed la seva navegaci\u00f3 sense haver de tornar a identificar-se. Aquesta funcionalitat es pot suprimir si l&#8217;usuari prem la funcionalitat [tancar sessi\u00f3], de manera que aquesta cookie s&#8217;elimina i la pr\u00f2xima vegada que entre en el servei l&#8217;usuari haur\u00e0 d&#8217;iniciar sessi\u00f3 per a estar identificat.<\/li>\n<li>Comprovar si l&#8217;usuari est\u00e0 autoritzat per a accedir a uns certs serveis, per exemple, per a participar en un concurs.<\/li>\n<\/ul>\n<p>Addicionalment, alguns serveis poden utilitzar connectors amb xarxes socials com ara Facebook o Twitter. Quan l&#8217;usuari es registra en un servei amb credencials d&#8217;una xarxa social, autoritza la xarxa social a guardar una Cookie persistent que recorda la seva identitat i li garanteix acc\u00e9s als serveis fins que expira. L&#8217;usuari pot esborrar aquesta Cookie i revocar l&#8217;acc\u00e9s als serveis mitjan\u00e7ant xarxes socials actualitzant les seves prefer\u00e8ncies en la xarxa social que espec\u00edfica.<\/p>\n<p><strong>Cookies anal\u00edtiques<\/strong><\/p>\n<p>Cada vegada que un usuari visita un servei, una eina d&#8217;un prove\u00efdor extern genera una cookie anal\u00edtica en l&#8217;ordinador de l&#8217;usuari. Aquesta cookie que nom\u00e9s es genera en la visita, servir\u00e0 en pr\u00f2ximes visites als serveis de VIVIM, SLU, per a identificar de manera an\u00f2nima al visitant. Els objectius principals que es persegueixen s\u00f3n:<\/p>\n<ul>\n<li>Permetre la identificaci\u00f3 an\u00f2nima dels usuaris navegants a trav\u00e9s de la cookie (identifica navegadors i dispositius, no persones) i per tant la comptabilitzaci\u00f3 aproximada del nombre de visitants i la seva tend\u00e8ncia en el temps.<\/li>\n<li>Identificar de manera an\u00f2nima els continguts m\u00e9s visitats i per tant m\u00e9s atractius per als usuaris saber si l&#8217;usuari que est\u00e0 accedint \u00e9s nou o repeteix visita.<\/li>\n<\/ul>\n<p>Important: Tret que l&#8217;usuari decideixi registrar-se en un servei VIVIM, SLU, la cookie mai anir\u00e0 associada a cap dada de car\u00e0cter personal que pugui identificar-li. Aquestes cookies nom\u00e9s seran utilitzades amb prop\u00f2sits estad\u00edstics que ajudin a l&#8217;optimitzaci\u00f3 de l&#8217;experi\u00e8ncia dels usuaris en el lloc.<\/p>\n<p><strong>Cookies de publicitat<\/strong><\/p>\n<p>Aquest tipus de cookies permeten ampliar la informaci\u00f3 dels anuncis mostrats a cada usuari an\u00f2nim en els serveis de VIVIM, SLU Entre altres, s&#8217;emmagatzema la durada o freq\u00fc\u00e8ncia de visualitzaci\u00f3 de posicions publicit\u00e0ries, la interacci\u00f3 amb aquestes, o els patrons de navegaci\u00f3 i\/o comportaments de l&#8217;usuari ja que ajuden a conformar un perfil d&#8217;inter\u00e8s publicitari. D&#8217;aquesta manera, permeten oferir publicitat af\u00ed als interessos de l&#8217;usuari.<\/p>\n<p><strong>Cookies publicit\u00e0ries de tercers<\/strong><\/p>\n<p>A m\u00e9s de la publicitat gestionada per les webs VIVIM, SLU en els seus serveis, les webs de VIVIM, SLU ofereixen als seus anunciants l&#8217;opci\u00f3 de servir anuncis a trav\u00e9s de tercers (\u201cAd- Servers\u201d). D&#8217;aquesta manera, aquests tercers poden emmagatzemar cookies enviades des dels serveis de VIVIM, SLU procedents dels navegadors dels usuaris, aix\u00ed com accedir a les dades que en elles es guarden.<\/p>\n<p><strong><u>Com puc deshabilitar les cookies en el meu navegador?<\/u><\/strong><\/p>\n<p>Es poden configurar els diferents navegadors per a avisar a l&#8217;usuari de la recepci\u00f3 de cookies i, si es desitja, impedir la seva instal\u00b7laci\u00f3 en l&#8217;equip. Aix\u00ed mateix, l&#8217;usuari pot revisar en el seu navegador quines cookies t\u00e9 instal\u00b7lades i quin \u00e9s el termini de caducitat d&#8217;aquestes, podent eliminar-les.<\/p>\n<p>Per a ampliar aquesta informaci\u00f3 consulti les instruccions i manuals del seu navegador:<\/p>\n<ul>\n<li>Per a m\u00e9s informaci\u00f3 sobre l&#8217;administraci\u00f3 de les cookies en Google Chrome: <a href=\"https:\/\/support.google.com\/chrome\/answer\/95647?hl=es\">aqu\u00ed<\/a><\/li>\n<li>Per a m\u00e9s informaci\u00f3 sobre l&#8217;administraci\u00f3 de les cookies en Internet Explori: <a href=\"https:\/\/support.microsoft.com\/es-es\/windows\/eliminar-y-administrar-cookies-168dab11-0753-043d-7c16-ede5947fc64d#:~:text=En%20Internet%20Explorer%2C%20seleccione%20el,si%20prefieres%20que%20te%20pregunten\">aqu\u00ed<\/a><\/li>\n<li>Per a m\u00e9s informaci\u00f3 sobre l&#8217;administraci\u00f3 de les cookies en Mozilla Firefox: <a href=\"http:\/\/windows.microsoft.com\/es-es\/windows-vista\/cookies-frequently-asked-%09questions%20\">aqu\u00ed<\/a><\/li>\n<li>Per a m\u00e9s informaci\u00f3 sobre l&#8217;administraci\u00f3 de les cookies en Safari: <a href=\"http:\/\/www.apple.com\/es\/privacy\/use-of-cookies\/%20\">aqu\u00ed<\/a><\/li>\n<li>Per a m\u00e9s informaci\u00f3 sobre l&#8217;administraci\u00f3 de les cookies en Opera: <a href=\"http:\/\/help.opera.com\/Windows\/11.50\/es-ES\/cookies.html\">aqu\u00ed<\/a><\/li>\n<li>Si desitja deixar de ser seguit per Google Analytics visiti: <a href=\"http:\/\/tools.google.com\/dlpage\/gaoptout%20\">aqu\u00ed<\/a><\/li>\n<\/ul>\n<p>&nbsp;<\/p>\n","protected":false},"excerpt":{"rendered":"<p>En aquesta web s&#8217;utilitzen cookies de tercers i pr\u00f2pies per a aconseguir que tinguis una millor experi\u00e8ncia de navegaci\u00f3, puguis compartir contingut en xarxes socials i perqu\u00e8 puguem obtenir estad\u00edstiques dels usuaris. Pots evitar la desc\u00e0rrega de cookies a trav\u00e9s de la configuraci\u00f3 del teu navegador, evitant que les cookies s&#8217;emmagatzemin en el seu dispositiu. [&hellip;]<\/p>\n","protected":false},"author":1,"featured_media":0,"parent":0,"menu_order":0,"comment_status":"closed","ping_status":"closed","template":"","meta":{"_acf_changed":false,"footnotes":""},"class_list":["post-2290","page","type-page","status-publish","hentry"],"acf":[],"yoast_head":"<!-- This site is optimized with the Yoast SEO plugin v27.1.1 - https:\/\/yoast.com\/product\/yoast-seo-wordpress\/ -->\n<title>Pol\u00edtica de cookies (UE) - Vivim Immobili\u00e0ria<\/title>\n<meta name=\"robots\" content=\"index, follow, max-snippet:-1, max-image-preview:large, max-video-preview:-1\" \/>\n<link rel=\"canonical\" href=\"https:\/\/vivim.es\/ca\/politica-de-cookies-ue\/\" \/>\n<meta property=\"og:locale\" content=\"ca_ES\" \/>\n<meta property=\"og:type\" content=\"article\" \/>\n<meta property=\"og:title\" content=\"Pol\u00edtica de cookies (UE) - Vivim Immobili\u00e0ria\" \/>\n<meta property=\"og:description\" content=\"En aquesta web s&#8217;utilitzen cookies de tercers i pr\u00f2pies per a aconseguir que tinguis una millor experi\u00e8ncia de navegaci\u00f3, puguis compartir contingut en xarxes socials i perqu\u00e8 puguem obtenir estad\u00edstiques dels usuaris. Pots evitar la desc\u00e0rrega de cookies a trav\u00e9s de la configuraci\u00f3 del teu navegador, evitant que les cookies s&#8217;emmagatzemin en el seu dispositiu. [&hellip;]\" \/>\n<meta property=\"og:url\" content=\"https:\/\/vivim.es\/ca\/politica-de-cookies-ue\/\" \/>\n<meta property=\"og:site_name\" content=\"Vivim Immobili\u00e0ria\" \/>\n<meta property=\"article:modified_time\" content=\"2023-11-17T11:11:31+00:00\" \/>\n<meta name=\"twitter:card\" content=\"summary_large_image\" \/>\n<meta name=\"twitter:label1\" content=\"Temps estimat de lectura\" \/>\n\t<meta name=\"twitter:data1\" content=\"7 minuts\" \/>\n<script type=\"application\/ld+json\" class=\"yoast-schema-graph\">{\"@context\":\"https:\/\/schema.org\",\"@graph\":[{\"@type\":\"WebPage\",\"@id\":\"https:\/\/vivim.es\/ca\/politica-de-cookies-ue\/\",\"url\":\"https:\/\/vivim.es\/ca\/politica-de-cookies-ue\/\",\"name\":\"Pol\u00edtica de cookies (UE) - Vivim Immobili\u00e0ria\",\"isPartOf\":{\"@id\":\"https:\/\/vivim.es\/ca\/#website\"},\"datePublished\":\"2022-05-30T15:42:02+00:00\",\"dateModified\":\"2023-11-17T11:11:31+00:00\",\"breadcrumb\":{\"@id\":\"https:\/\/vivim.es\/ca\/politica-de-cookies-ue\/#breadcrumb\"},\"inLanguage\":\"ca\",\"potentialAction\":[{\"@type\":\"ReadAction\",\"target\":[\"https:\/\/vivim.es\/ca\/politica-de-cookies-ue\/\"]}]},{\"@type\":\"BreadcrumbList\",\"@id\":\"https:\/\/vivim.es\/ca\/politica-de-cookies-ue\/#breadcrumb\",\"itemListElement\":[{\"@type\":\"ListItem\",\"position\":1,\"name\":\"Portada\",\"item\":\"https:\/\/vivim.es\/ca\/\"},{\"@type\":\"ListItem\",\"position\":2,\"name\":\"Pol\u00edtica de cookies (UE)\"}]},{\"@type\":\"WebSite\",\"@id\":\"https:\/\/vivim.es\/ca\/#website\",\"url\":\"https:\/\/vivim.es\/ca\/\",\"name\":\"Vivim Immobili\u00e0ria\",\"description\":\"Promotora d\u2019edificacions residencials\",\"publisher\":{\"@id\":\"https:\/\/vivim.es\/ca\/#organization\"},\"potentialAction\":[{\"@type\":\"SearchAction\",\"target\":{\"@type\":\"EntryPoint\",\"urlTemplate\":\"https:\/\/vivim.es\/ca\/?s={search_term_string}\"},\"query-input\":{\"@type\":\"PropertyValueSpecification\",\"valueRequired\":true,\"valueName\":\"search_term_string\"}}],\"inLanguage\":\"ca\"},{\"@type\":\"Organization\",\"@id\":\"https:\/\/vivim.es\/ca\/#organization\",\"name\":\"Vivim Immobili\u00e0ria\",\"url\":\"https:\/\/vivim.es\/ca\/\",\"logo\":{\"@type\":\"ImageObject\",\"inLanguage\":\"ca\",\"@id\":\"https:\/\/vivim.es\/ca\/#\/schema\/logo\/image\/\",\"url\":\"https:\/\/vivim.es\/wp-content\/uploads\/2022\/05\/vivim-logo.png\",\"contentUrl\":\"https:\/\/vivim.es\/wp-content\/uploads\/2022\/05\/vivim-logo.png\",\"width\":411,\"height\":224,\"caption\":\"Vivim Immobili\u00e0ria\"},\"image\":{\"@id\":\"https:\/\/vivim.es\/ca\/#\/schema\/logo\/image\/\"}}]}<\/script>\n<!-- \/ Yoast SEO plugin. -->","yoast_head_json":{"title":"Pol\u00edtica de cookies (UE) - Vivim Immobili\u00e0ria","robots":{"index":"index","follow":"follow","max-snippet":"max-snippet:-1","max-image-preview":"max-image-preview:large","max-video-preview":"max-video-preview:-1"},"canonical":"https:\/\/vivim.es\/ca\/politica-de-cookies-ue\/","og_locale":"ca_ES","og_type":"article","og_title":"Pol\u00edtica de cookies (UE) - Vivim Immobili\u00e0ria","og_description":"En aquesta web s&#8217;utilitzen cookies de tercers i pr\u00f2pies per a aconseguir que tinguis una millor experi\u00e8ncia de navegaci\u00f3, puguis compartir contingut en xarxes socials i perqu\u00e8 puguem obtenir estad\u00edstiques dels usuaris. Pots evitar la desc\u00e0rrega de cookies a trav\u00e9s de la configuraci\u00f3 del teu navegador, evitant que les cookies s&#8217;emmagatzemin en el seu dispositiu. [&hellip;]","og_url":"https:\/\/vivim.es\/ca\/politica-de-cookies-ue\/","og_site_name":"Vivim Immobili\u00e0ria","article_modified_time":"2023-11-17T11:11:31+00:00","twitter_card":"summary_large_image","twitter_misc":{"Temps estimat de lectura":"7 minuts"},"schema":{"@context":"https:\/\/schema.org","@graph":[{"@type":"WebPage","@id":"https:\/\/vivim.es\/ca\/politica-de-cookies-ue\/","url":"https:\/\/vivim.es\/ca\/politica-de-cookies-ue\/","name":"Pol\u00edtica de cookies (UE) - Vivim Immobili\u00e0ria","isPartOf":{"@id":"https:\/\/vivim.es\/ca\/#website"},"datePublished":"2022-05-30T15:42:02+00:00","dateModified":"2023-11-17T11:11:31+00:00","breadcrumb":{"@id":"https:\/\/vivim.es\/ca\/politica-de-cookies-ue\/#breadcrumb"},"inLanguage":"ca","potentialAction":[{"@type":"ReadAction","target":["https:\/\/vivim.es\/ca\/politica-de-cookies-ue\/"]}]},{"@type":"BreadcrumbList","@id":"https:\/\/vivim.es\/ca\/politica-de-cookies-ue\/#breadcrumb","itemListElement":[{"@type":"ListItem","position":1,"name":"Portada","item":"https:\/\/vivim.es\/ca\/"},{"@type":"ListItem","position":2,"name":"Pol\u00edtica de cookies (UE)"}]},{"@type":"WebSite","@id":"https:\/\/vivim.es\/ca\/#website","url":"https:\/\/vivim.es\/ca\/","name":"Vivim Immobili\u00e0ria","description":"Promotora d\u2019edificacions residencials","publisher":{"@id":"https:\/\/vivim.es\/ca\/#organization"},"potentialAction":[{"@type":"SearchAction","target":{"@type":"EntryPoint","urlTemplate":"https:\/\/vivim.es\/ca\/?s={search_term_string}"},"query-input":{"@type":"PropertyValueSpecification","valueRequired":true,"valueName":"search_term_string"}}],"inLanguage":"ca"},{"@type":"Organization","@id":"https:\/\/vivim.es\/ca\/#organization","name":"Vivim Immobili\u00e0ria","url":"https:\/\/vivim.es\/ca\/","logo":{"@type":"ImageObject","inLanguage":"ca","@id":"https:\/\/vivim.es\/ca\/#\/schema\/logo\/image\/","url":"https:\/\/vivim.es\/wp-content\/uploads\/2022\/05\/vivim-logo.png","contentUrl":"https:\/\/vivim.es\/wp-content\/uploads\/2022\/05\/vivim-logo.png","width":411,"height":224,"caption":"Vivim Immobili\u00e0ria"},"image":{"@id":"https:\/\/vivim.es\/ca\/#\/schema\/logo\/image\/"}}]}},"_links":{"self":[{"href":"https:\/\/vivim.es\/ca\/wp-json\/wp\/v2\/pages\/2290","targetHints":{"allow":["GET"]}}],"collection":[{"href":"https:\/\/vivim.es\/ca\/wp-json\/wp\/v2\/pages"}],"about":[{"href":"https:\/\/vivim.es\/ca\/wp-json\/wp\/v2\/types\/page"}],"author":[{"embeddable":true,"href":"https:\/\/vivim.es\/ca\/wp-json\/wp\/v2\/users\/1"}],"replies":[{"embeddable":true,"href":"https:\/\/vivim.es\/ca\/wp-json\/wp\/v2\/comments?post=2290"}],"version-history":[{"count":2,"href":"https:\/\/vivim.es\/ca\/wp-json\/wp\/v2\/pages\/2290\/revisions"}],"predecessor-version":[{"id":4227,"href":"https:\/\/vivim.es\/ca\/wp-json\/wp\/v2\/pages\/2290\/revisions\/4227"}],"wp:attachment":[{"href":"https:\/\/vivim.es\/ca\/wp-json\/wp\/v2\/media?parent=2290"}],"curies":[{"name":"wp","href":"https:\/\/api.w.org\/{rel}","templated":true}]}}